{"id":104,"date":"2020-04-03T13:00:43","date_gmt":"2020-04-03T11:00:43","guid":{"rendered":"https:\/\/netcomp-wolbrom.pl\/?page_id=104"},"modified":"2025-02-19T11:03:34","modified_gmt":"2025-02-19T10:03:34","slug":"kasy-fiskalne","status":"publish","type":"page","link":"https:\/\/netcomp-wolbrom.pl\/?page_id=104","title":{"rendered":"Kasy fiskalne"},"content":{"rendered":"<div class=\"content-header dark-text\">\n<div class=\"container\">\n<p class=\"introduction\">\n<\/div>\n<\/div>\n<h5 style=\"text-align: center;\"><a href=\"https:\/\/www.elzab.com.pl\/pl\/\"><img loading=\"lazy\" decoding=\"async\" class=\"alignnone wp-image-71 size-medium\" src=\"https:\/\/netcomp-wolbrom.pl\/wp-content\/uploads\/2015\/02\/logo_elzab-300x621-300x62.jpg\" alt=\"logo_elzab-300x62\" width=\"300\" height=\"62\" \/><\/a><\/h5>\n<p><a href=\"https:\/\/www.posnet.com.pl\/\"><img loading=\"lazy\" decoding=\"async\" class=\"aligncenter wp-image-88 size-full\" src=\"https:\/\/netcomp-wolbrom.pl\/wp-content\/uploads\/2015\/02\/posnet_logo.jpg\" alt=\"posnet_logo\" width=\"297\" height=\"66\" \/><\/a><\/p>\n<h5 style=\"text-align: center;\">Jeste\u015bmy Autoryzowanym Dealerem czo\u0142owych polskich firm\u00a0\u00a0\u00a0\u00a0\u00a0\u00a0\u00a0\u00a0 produkuj\u0105cych wysokiej jako\u015bci urz\u0105dzenia fiskalne.<\/h5>\n<h5 style=\"text-align: center;\">W ofercie znajd\u0105 Pa\u0144stwo kasy oraz drukarki fiskalne firmy<\/h5>\n<h5 style=\"text-align: center;\">ELZAB oraz POSNET.<\/h5>\n<h5 style=\"text-align: center;\">Profesjonalne przygotowanie i\u00a0 25-letnie do\u015bwiadczenie w bran\u017cy fiskalnej zapewniaj\u0105 wszystkim klientom szybk\u0105 reakcj\u0119 serwisu na zg\u0142aszane problemy oraz kr\u00f3tki czas naprawy.<\/h5>\n<p style=\"text-align: center;\"><em>Prowadzimy serwis gwarancyjny i pogwarancyjny oferowanych urz\u0105dze\u0144 , obowi\u0105zkowe przegl\u0105dy techniczne co 24 miesi\u0105ce oraz opiek\u0119 serwisow\u0105 z pomoc\u0105 techniczn\u0105.<\/em><\/p>\n<p><a href=\"https:\/\/netcomp-wolbrom.pl\/wp-content\/uploads\/2020\/05\/dotykacka_basic_claim.png\"><img loading=\"lazy\" decoding=\"async\" class=\"alignnone size-full wp-image-665\" src=\"https:\/\/netcomp-wolbrom.pl\/wp-content\/uploads\/2020\/05\/dotykacka_basic_claim.png\" alt=\"\" width=\"805\" height=\"216\" srcset=\"https:\/\/netcomp-wolbrom.pl\/wp-content\/uploads\/2020\/05\/dotykacka_basic_claim.png 805w, https:\/\/netcomp-wolbrom.pl\/wp-content\/uploads\/2020\/05\/dotykacka_basic_claim-300x80.png 300w, https:\/\/netcomp-wolbrom.pl\/wp-content\/uploads\/2020\/05\/dotykacka_basic_claim-768x206.png 768w\" sizes=\"auto, (max-width: 805px) 100vw, 805px\" \/><\/a><\/p>\n<p>&nbsp;<\/p>\n<p><a href=\"https:\/\/netcomp-wolbrom.pl\/wp-content\/uploads\/2020\/10\/Dotykacka-Tablet_14_Mera-scaled.jpg\"><img loading=\"lazy\" decoding=\"async\" class=\"alignnone size-large wp-image-668\" src=\"https:\/\/netcomp-wolbrom.pl\/wp-content\/uploads\/2020\/10\/Dotykacka-Tablet_14_Mera-1024x746.jpg\" alt=\"\" width=\"604\" height=\"440\" srcset=\"https:\/\/netcomp-wolbrom.pl\/wp-content\/uploads\/2020\/10\/Dotykacka-Tablet_14_Mera-1024x746.jpg 1024w, https:\/\/netcomp-wolbrom.pl\/wp-content\/uploads\/2020\/10\/Dotykacka-Tablet_14_Mera-300x219.jpg 300w, https:\/\/netcomp-wolbrom.pl\/wp-content\/uploads\/2020\/10\/Dotykacka-Tablet_14_Mera-768x560.jpg 768w, https:\/\/netcomp-wolbrom.pl\/wp-content\/uploads\/2020\/10\/Dotykacka-Tablet_14_Mera-1536x1119.jpg 1536w, https:\/\/netcomp-wolbrom.pl\/wp-content\/uploads\/2020\/10\/Dotykacka-Tablet_14_Mera-2048x1492.jpg 2048w\" sizes=\"auto, (max-width: 604px) 100vw, 604px\" \/><\/a><\/p>\n<p>&nbsp;<\/p>\n<p><a href=\"https:\/\/netcomp-wolbrom.pl\/wp-content\/uploads\/2020\/10\/dotykacka.jpg\"><img loading=\"lazy\" decoding=\"async\" class=\"alignnone size-full wp-image-673\" src=\"https:\/\/netcomp-wolbrom.pl\/wp-content\/uploads\/2020\/10\/dotykacka.jpg\" alt=\"\" width=\"1000\" height=\"707\" srcset=\"https:\/\/netcomp-wolbrom.pl\/wp-content\/uploads\/2020\/10\/dotykacka.jpg 1000w, https:\/\/netcomp-wolbrom.pl\/wp-content\/uploads\/2020\/10\/dotykacka-300x212.jpg 300w, https:\/\/netcomp-wolbrom.pl\/wp-content\/uploads\/2020\/10\/dotykacka-768x543.jpg 768w\" sizes=\"auto, (max-width: 1000px) 100vw, 1000px\" \/><\/a><a href=\"https:\/\/netcomp-wolbrom.pl\/wp-content\/uploads\/2019\/05\/kasy-fiskalne-online.png\"><img loading=\"lazy\" decoding=\"async\" class=\"size-full wp-image-577 aligncenter\" src=\"https:\/\/netcomp-wolbrom.pl\/wp-content\/uploads\/2019\/05\/kasy-fiskalne-online.png\" alt=\"\" width=\"750\" height=\"375\" srcset=\"https:\/\/netcomp-wolbrom.pl\/wp-content\/uploads\/2019\/05\/kasy-fiskalne-online.png 750w, https:\/\/netcomp-wolbrom.pl\/wp-content\/uploads\/2019\/05\/kasy-fiskalne-online-300x150.png 300w\" sizes=\"auto, (max-width: 750px) 100vw, 750px\" \/><\/a><\/p>\n<p><a href=\"https:\/\/netcomp-wolbrom.pl\/wp-content\/uploads\/2019\/05\/jota-e-online_04_02.jpg\"><img loading=\"lazy\" decoding=\"async\" class=\"alignnone size-large wp-image-558\" src=\"https:\/\/netcomp-wolbrom.pl\/wp-content\/uploads\/2019\/05\/jota-e-online_04_02-1024x819.jpg\" alt=\"\" width=\"604\" height=\"483\" srcset=\"https:\/\/netcomp-wolbrom.pl\/wp-content\/uploads\/2019\/05\/jota-e-online_04_02-1024x819.jpg 1024w, https:\/\/netcomp-wolbrom.pl\/wp-content\/uploads\/2019\/05\/jota-e-online_04_02-300x240.jpg 300w, https:\/\/netcomp-wolbrom.pl\/wp-content\/uploads\/2019\/05\/jota-e-online_04_02-768x614.jpg 768w\" sizes=\"auto, (max-width: 604px) 100vw, 604px\" \/><\/a><\/p>\n<p><a href=\"https:\/\/netcomp-wolbrom.pl\/wp-content\/uploads\/2024\/01\/E-paragon-v2.2.jpg\"><img loading=\"lazy\" decoding=\"async\" class=\"aligncenter wp-image-783 size-large\" src=\"https:\/\/netcomp-wolbrom.pl\/wp-content\/uploads\/2024\/01\/E-paragon-v2.2-1024x1024.jpg\" alt=\"\" width=\"604\" height=\"604\" srcset=\"https:\/\/netcomp-wolbrom.pl\/wp-content\/uploads\/2024\/01\/E-paragon-v2.2-1024x1024.jpg 1024w, https:\/\/netcomp-wolbrom.pl\/wp-content\/uploads\/2024\/01\/E-paragon-v2.2-300x300.jpg 300w, https:\/\/netcomp-wolbrom.pl\/wp-content\/uploads\/2024\/01\/E-paragon-v2.2-150x150.jpg 150w, https:\/\/netcomp-wolbrom.pl\/wp-content\/uploads\/2024\/01\/E-paragon-v2.2-768x768.jpg 768w, https:\/\/netcomp-wolbrom.pl\/wp-content\/uploads\/2024\/01\/E-paragon-v2.2.jpg 1200w\" sizes=\"auto, (max-width: 604px) 100vw, 604px\" \/><\/a><\/p>\n<p><a href=\"https:\/\/netcomp-wolbrom.pl\/wp-content\/uploads\/2019\/05\/mera_03_02.jpg\"><img loading=\"lazy\" decoding=\"async\" class=\"alignnone size-large wp-image-559\" src=\"https:\/\/netcomp-wolbrom.pl\/wp-content\/uploads\/2019\/05\/mera_03_02-1024x820.jpg\" alt=\"\" width=\"604\" height=\"484\" srcset=\"https:\/\/netcomp-wolbrom.pl\/wp-content\/uploads\/2019\/05\/mera_03_02-1024x820.jpg 1024w, https:\/\/netcomp-wolbrom.pl\/wp-content\/uploads\/2019\/05\/mera_03_02-300x240.jpg 300w, https:\/\/netcomp-wolbrom.pl\/wp-content\/uploads\/2019\/05\/mera_03_02-768x615.jpg 768w\" sizes=\"auto, (max-width: 604px) 100vw, 604px\" \/><\/a><\/p>\n<p><a href=\"https:\/\/netcomp-wolbrom.pl\/wp-content\/uploads\/2019\/05\/rozowa_01.png\"><img loading=\"lazy\" decoding=\"async\" class=\"alignnone size-large wp-image-560\" src=\"https:\/\/netcomp-wolbrom.pl\/wp-content\/uploads\/2019\/05\/rozowa_01-951x1024.png\" alt=\"\" width=\"604\" height=\"650\" srcset=\"https:\/\/netcomp-wolbrom.pl\/wp-content\/uploads\/2019\/05\/rozowa_01-951x1024.png 951w, https:\/\/netcomp-wolbrom.pl\/wp-content\/uploads\/2019\/05\/rozowa_01-279x300.png 279w, https:\/\/netcomp-wolbrom.pl\/wp-content\/uploads\/2019\/05\/rozowa_01-768x827.png 768w, https:\/\/netcomp-wolbrom.pl\/wp-content\/uploads\/2019\/05\/rozowa_01.png 2000w\" sizes=\"auto, (max-width: 604px) 100vw, 604px\" \/><\/a><\/p>\n<p><a href=\"https:\/\/netcomp-wolbrom.pl\/wp-content\/uploads\/2019\/05\/grey_02.png\"><img loading=\"lazy\" decoding=\"async\" class=\"alignnone size-full wp-image-561\" src=\"https:\/\/netcomp-wolbrom.pl\/wp-content\/uploads\/2019\/05\/grey_02.png\" alt=\"\" width=\"1000\" height=\"800\" srcset=\"https:\/\/netcomp-wolbrom.pl\/wp-content\/uploads\/2019\/05\/grey_02.png 1000w, https:\/\/netcomp-wolbrom.pl\/wp-content\/uploads\/2019\/05\/grey_02-300x240.png 300w, https:\/\/netcomp-wolbrom.pl\/wp-content\/uploads\/2019\/05\/grey_02-768x614.png 768w\" sizes=\"auto, (max-width: 1000px) 100vw, 1000px\" \/><\/a><\/p>\n<p><a href=\"https:\/\/netcomp-wolbrom.pl\/wp-content\/uploads\/2019\/05\/posnet-ergo-kasa-fiskalna-mobilna.jpg\"><img loading=\"lazy\" decoding=\"async\" class=\"alignnone size-full wp-image-563\" src=\"https:\/\/netcomp-wolbrom.pl\/wp-content\/uploads\/2019\/05\/posnet-ergo-kasa-fiskalna-mobilna.jpg\" alt=\"\" width=\"600\" height=\"600\" srcset=\"https:\/\/netcomp-wolbrom.pl\/wp-content\/uploads\/2019\/05\/posnet-ergo-kasa-fiskalna-mobilna.jpg 600w, https:\/\/netcomp-wolbrom.pl\/wp-content\/uploads\/2019\/05\/posnet-ergo-kasa-fiskalna-mobilna-150x150.jpg 150w, https:\/\/netcomp-wolbrom.pl\/wp-content\/uploads\/2019\/05\/posnet-ergo-kasa-fiskalna-mobilna-300x300.jpg 300w\" sizes=\"auto, (max-width: 600px) 100vw, 600px\" \/><\/a><\/p>\n<p><a href=\"https:\/\/netcomp-wolbrom.pl\/wp-content\/uploads\/2019\/05\/thermal-xl2-online-juz-w-sprzedazy.png\"><img loading=\"lazy\" decoding=\"async\" class=\"alignnone size-large wp-image-564\" src=\"https:\/\/netcomp-wolbrom.pl\/wp-content\/uploads\/2019\/05\/thermal-xl2-online-juz-w-sprzedazy-988x1024.png\" alt=\"\" width=\"604\" height=\"626\" srcset=\"https:\/\/netcomp-wolbrom.pl\/wp-content\/uploads\/2019\/05\/thermal-xl2-online-juz-w-sprzedazy-988x1024.png 988w, https:\/\/netcomp-wolbrom.pl\/wp-content\/uploads\/2019\/05\/thermal-xl2-online-juz-w-sprzedazy-289x300.png 289w, https:\/\/netcomp-wolbrom.pl\/wp-content\/uploads\/2019\/05\/thermal-xl2-online-juz-w-sprzedazy-768x796.png 768w, https:\/\/netcomp-wolbrom.pl\/wp-content\/uploads\/2019\/05\/thermal-xl2-online-juz-w-sprzedazy.png 1060w\" sizes=\"auto, (max-width: 604px) 100vw, 604px\" \/><\/a><\/p>\n<p>&nbsp;<\/p>\n<p>&nbsp;<\/p>\n","protected":false},"excerpt":{"rendered":"<p>Jeste\u015bmy Autoryzowanym Dealerem czo\u0142owych polskich firm\u00a0\u00a0\u00a0\u00a0\u00a0\u00a0\u00a0\u00a0 produkuj\u0105cych wysokiej jako\u015bci urz\u0105dzenia fiskalne. W ofercie znajd\u0105 Pa\u0144stwo kasy oraz drukarki fiskalne firmy ELZAB oraz POSNET. Profesjonalne przygotowanie i\u00a0 25-letnie do\u015bwiadczenie w bran\u017cy fiskalnej zapewniaj\u0105 wszystkim klientom szybk\u0105 reakcj\u0119 serwisu na zg\u0142aszane problemy oraz kr\u00f3tki czas naprawy. Prowadzimy serwis gwarancyjny i pogwarancyjny oferowanych urz\u0105dze\u0144 , obowi\u0105zkowe przegl\u0105dy techniczne &hellip; <a href=\"https:\/\/netcomp-wolbrom.pl\/?page_id=104\" class=\"more-link\">Czytaj dalej <span class=\"screen-reader-text\">Kasy fiskalne<\/span> <span class=\"meta-nav\">&rarr;<\/span><\/a><\/p>\n","protected":false},"author":1,"featured_media":0,"parent":0,"menu_order":0,"comment_status":"closed","ping_status":"open","template":"","meta":{"footnotes":""},"class_list":["post-104","page","type-page","status-publish","hentry"],"_links":{"self":[{"href":"https:\/\/netcomp-wolbrom.pl\/index.php?rest_route=\/wp\/v2\/pages\/104","targetHints":{"allow":["GET"]}}],"collection":[{"href":"https:\/\/netcomp-wolbrom.pl\/index.php?rest_route=\/wp\/v2\/pages"}],"about":[{"href":"https:\/\/netcomp-wolbrom.pl\/index.php?rest_route=\/wp\/v2\/types\/page"}],"author":[{"embeddable":true,"href":"https:\/\/netcomp-wolbrom.pl\/index.php?rest_route=\/wp\/v2\/users\/1"}],"replies":[{"embeddable":true,"href":"https:\/\/netcomp-wolbrom.pl\/index.php?rest_route=%2Fwp%2Fv2%2Fcomments&post=104"}],"version-history":[{"count":34,"href":"https:\/\/netcomp-wolbrom.pl\/index.php?rest_route=\/wp\/v2\/pages\/104\/revisions"}],"predecessor-version":[{"id":803,"href":"https:\/\/netcomp-wolbrom.pl\/index.php?rest_route=\/wp\/v2\/pages\/104\/revisions\/803"}],"wp:attachment":[{"href":"https:\/\/netcomp-wolbrom.pl\/index.php?rest_route=%2Fwp%2Fv2%2Fmedia&parent=104"}],"curies":[{"name":"wp","href":"https:\/\/api.w.org\/{rel}","templated":true}]}}