{"id":108,"date":"2016-04-03T09:50:14","date_gmt":"2016-04-03T07:50:14","guid":{"rendered":"https:\/\/netcomp-wolbrom.pl\/?page_id=108"},"modified":"2025-10-13T11:18:04","modified_gmt":"2025-10-13T09:18:04","slug":"terminale-platnicze","status":"publish","type":"page","link":"https:\/\/netcomp-wolbrom.pl\/?page_id=108","title":{"rendered":"Terminale p\u0142atnicze"},"content":{"rendered":"<h5 style=\"text-align: center;\"><a href=\"https:\/\/netcomp-wolbrom.pl\/wp-content\/uploads\/2021\/04\/paytel_logo.jpg\"><img loading=\"lazy\" decoding=\"async\" class=\"alignnone size-full wp-image-723\" src=\"https:\/\/netcomp-wolbrom.pl\/wp-content\/uploads\/2021\/04\/paytel_logo.jpg\" alt=\"\" width=\"207\" height=\"59\" \/><\/a><\/h5>\n<h5 style=\"text-align: center;\">Zam\u00f3w terminal PayTel i sprawd\u017a jak wiele mo\u017cesz zyska\u0107<\/h5>\n<h5 style=\"text-align: center;\">Jeden terminal , jeden partner , wiele us\u0142ug , wiele mo\u017cliwo\u015bci<\/h5>\n<h5 style=\"text-align: center;\">Najlepsza oferta na rynku , korzystne rabaty handlowe<\/h5>\n<p style=\"text-align: center;\">\u00a0 \u00a0 \u00a0 \u00a0 \u00a0 \u00a0 \u00a0 \u00a0 \u00a0 <strong>\u00a0 Terminal ju\u017c od 1 z\u0142*\u00a0 \u00a0 przez ca\u0142y okres umowy<\/strong><\/p>\n<p>&nbsp;<\/p>\n<p style=\"text-align: left;\"><span style=\"color: #0000ff;\"><strong>Dlaczego PayTel ?<\/strong><\/span><\/p>\n<ul>\n<li style=\"text-align: left;\"><span style=\"color: #0000ff;\"><strong>brak ukrytych koszt\u00f3w<\/strong><\/span><\/li>\n<li style=\"text-align: left;\"><span style=\"color: #0000ff;\"><strong>0 z\u0142 za instalacj\u0119 i szkolenie<\/strong><\/span><\/li>\n<li style=\"text-align: left;\"><\/li>\n<li>\n<p style=\"text-align: left;\"><span style=\"color: #0000ff;\"><strong>bezp\u0142atny i szybki serwis<\/strong><\/span><\/p>\n<\/li>\n<\/ul>\n<h5 style=\"text-align: center;\">ZAPRASZAMY DO WSP\u00d3\u0141PRACY<\/h5>\n<h2 class=\"wp-block-heading\">Poznaj aplikacj\u0119 LightPOS<\/h2>\n<p><strong>\u2013 nowoczesne rozwi\u0105zanie p\u0142atnicze, kt\u00f3re zamieni telefon lub tablet w terminal p\u0142atniczy i umo\u017cliwi przyjmowanie p\u0142atno\u015bci zbli\u017ceniowych w ka\u017cdym miejscu, o dowolnej porze!<\/strong><\/p>\n<div style=\"width: 604px;\" class=\"wp-video\"><video class=\"wp-video-shortcode\" id=\"video-108-1\" width=\"604\" height=\"340\" preload=\"metadata\" controls=\"controls\"><source type=\"video\/mp4\" src=\"https:\/\/www.paytel.pl\/wp-content\/uploads\/2022\/05\/Screen_Recording_20220407-133343_Paytel-POS.mp4?_=1\" \/><a href=\"https:\/\/www.paytel.pl\/wp-content\/uploads\/2022\/05\/Screen_Recording_20220407-133343_Paytel-POS.mp4\">https:\/\/www.paytel.pl\/wp-content\/uploads\/2022\/05\/Screen_Recording_20220407-133343_Paytel-POS.mp4<\/a><\/video><\/div>\n<p><a href=\"https:\/\/netcomp-wolbrom.pl\/wp-content\/uploads\/2021\/12\/Nexgo_card.png\"><img loading=\"lazy\" decoding=\"async\" class=\"alignnone size-full wp-image-726\" src=\"https:\/\/netcomp-wolbrom.pl\/wp-content\/uploads\/2021\/12\/Nexgo_card.png\" alt=\"\" width=\"1000\" height=\"1000\" srcset=\"https:\/\/netcomp-wolbrom.pl\/wp-content\/uploads\/2021\/12\/Nexgo_card.png 1000w, https:\/\/netcomp-wolbrom.pl\/wp-content\/uploads\/2021\/12\/Nexgo_card-300x300.png 300w, https:\/\/netcomp-wolbrom.pl\/wp-content\/uploads\/2021\/12\/Nexgo_card-150x150.png 150w, https:\/\/netcomp-wolbrom.pl\/wp-content\/uploads\/2021\/12\/Nexgo_card-768x768.png 768w\" sizes=\"auto, (max-width: 1000px) 100vw, 1000px\" \/><\/a><\/p>\n<p><a href=\"https:\/\/netcomp-wolbrom.pl\/wp-content\/uploads\/2019\/05\/terminal-platniczy-paytel-ingenico-iwl2501755450x450.png\"><img loading=\"lazy\" decoding=\"async\" class=\"alignnone size-full wp-image-555\" src=\"https:\/\/netcomp-wolbrom.pl\/wp-content\/uploads\/2019\/05\/terminal-platniczy-paytel-ingenico-iwl2501755450x450.png\" alt=\"\" width=\"450\" height=\"450\" srcset=\"https:\/\/netcomp-wolbrom.pl\/wp-content\/uploads\/2019\/05\/terminal-platniczy-paytel-ingenico-iwl2501755450x450.png 450w, https:\/\/netcomp-wolbrom.pl\/wp-content\/uploads\/2019\/05\/terminal-platniczy-paytel-ingenico-iwl2501755450x450-150x150.png 150w, https:\/\/netcomp-wolbrom.pl\/wp-content\/uploads\/2019\/05\/terminal-platniczy-paytel-ingenico-iwl2501755450x450-300x300.png 300w\" sizes=\"auto, (max-width: 450px) 100vw, 450px\" \/><\/a><a href=\"https:\/\/netcomp-wolbrom.pl\/wp-content\/uploads\/2019\/05\/terminal-platniczy-paytel-ingenico-iwl2501989600x400.jpg\"><img loading=\"lazy\" decoding=\"async\" class=\"alignnone size-full wp-image-556\" src=\"https:\/\/netcomp-wolbrom.pl\/wp-content\/uploads\/2019\/05\/terminal-platniczy-paytel-ingenico-iwl2501989600x400.jpg\" alt=\"\" width=\"600\" height=\"400\" srcset=\"https:\/\/netcomp-wolbrom.pl\/wp-content\/uploads\/2019\/05\/terminal-platniczy-paytel-ingenico-iwl2501989600x400.jpg 600w, https:\/\/netcomp-wolbrom.pl\/wp-content\/uploads\/2019\/05\/terminal-platniczy-paytel-ingenico-iwl2501989600x400-300x200.jpg 300w\" sizes=\"auto, (max-width: 600px) 100vw, 600px\" \/><\/a><\/p>\n<p><a href=\"https:\/\/netcomp-wolbrom.pl\/wp-content\/uploads\/2016\/04\/karty.png\"><img loading=\"lazy\" decoding=\"async\" class=\"aligncenter wp-image-229 size-full\" src=\"https:\/\/netcomp-wolbrom.pl\/wp-content\/uploads\/2016\/04\/karty.png\" alt=\"karty\" width=\"831\" height=\"76\" srcset=\"https:\/\/netcomp-wolbrom.pl\/wp-content\/uploads\/2016\/04\/karty.png 831w, https:\/\/netcomp-wolbrom.pl\/wp-content\/uploads\/2016\/04\/karty-300x27.png 300w, https:\/\/netcomp-wolbrom.pl\/wp-content\/uploads\/2016\/04\/karty-768x70.png 768w\" sizes=\"auto, (max-width: 831px) 100vw, 831px\" \/><\/a><\/p>\n","protected":false},"excerpt":{"rendered":"<p>Zam\u00f3w terminal PayTel i sprawd\u017a jak wiele mo\u017cesz zyska\u0107 Jeden terminal , jeden partner , wiele us\u0142ug , wiele mo\u017cliwo\u015bci Najlepsza oferta na rynku , korzystne rabaty handlowe \u00a0 \u00a0 \u00a0 \u00a0 \u00a0 \u00a0 \u00a0 \u00a0 \u00a0 \u00a0 Terminal ju\u017c od 1 z\u0142*\u00a0 \u00a0 przez ca\u0142y okres umowy &nbsp; Dlaczego PayTel ? brak ukrytych koszt\u00f3w &hellip; <a href=\"https:\/\/netcomp-wolbrom.pl\/?page_id=108\" class=\"more-link\">Czytaj dalej <span class=\"screen-reader-text\">Terminale p\u0142atnicze<\/span> <span class=\"meta-nav\">&rarr;<\/span><\/a><\/p>\n","protected":false},"author":1,"featured_media":0,"parent":0,"menu_order":0,"comment_status":"closed","ping_status":"open","template":"","meta":{"footnotes":""},"class_list":["post-108","page","type-page","status-publish","hentry"],"_links":{"self":[{"href":"https:\/\/netcomp-wolbrom.pl\/index.php?rest_route=\/wp\/v2\/pages\/108","targetHints":{"allow":["GET"]}}],"collection":[{"href":"https:\/\/netcomp-wolbrom.pl\/index.php?rest_route=\/wp\/v2\/pages"}],"about":[{"href":"https:\/\/netcomp-wolbrom.pl\/index.php?rest_route=\/wp\/v2\/types\/page"}],"author":[{"embeddable":true,"href":"https:\/\/netcomp-wolbrom.pl\/index.php?rest_route=\/wp\/v2\/users\/1"}],"replies":[{"embeddable":true,"href":"https:\/\/netcomp-wolbrom.pl\/index.php?rest_route=%2Fwp%2Fv2%2Fcomments&post=108"}],"version-history":[{"count":27,"href":"https:\/\/netcomp-wolbrom.pl\/index.php?rest_route=\/wp\/v2\/pages\/108\/revisions"}],"predecessor-version":[{"id":817,"href":"https:\/\/netcomp-wolbrom.pl\/index.php?rest_route=\/wp\/v2\/pages\/108\/revisions\/817"}],"wp:attachment":[{"href":"https:\/\/netcomp-wolbrom.pl\/index.php?rest_route=%2Fwp%2Fv2%2Fmedia&parent=108"}],"curies":[{"name":"wp","href":"https:\/\/api.w.org\/{rel}","templated":true}]}}