{"id":112,"date":"2015-02-14T13:52:08","date_gmt":"2015-02-14T13:52:08","guid":{"rendered":"https:\/\/netcomp-wolbrom.pl\/?page_id=112"},"modified":"2025-07-11T12:25:40","modified_gmt":"2025-07-11T10:25:40","slug":"promocje","status":"publish","type":"page","link":"https:\/\/netcomp-wolbrom.pl\/?page_id=112","title":{"rendered":"Promocje"},"content":{"rendered":"<h5 style=\"text-align: center;\"><span style=\"color: #0000ff;\">KUP dowoln\u0105 kas\u0119 lub drukark\u0119 fiskaln\u0105<\/span><\/h5>\n<h5 style=\"text-align: center;\"><span style=\"color: #0000ff;\"> a przeszkolimy Ci\u0119<\/span><\/h5>\n<h5 style=\"text-align: center;\"><span style=\"color: #0000ff;\">oraz zafiskalizujemy urz\u0105dzenie GRATIS<\/span><\/h5>\n<p>&nbsp;<\/p>\n<h5 style=\"text-align: center;\"><\/h5>\n<h5 style=\"text-align: center;\"><strong><em><span style=\"color: #003366;\">Wyj\u0105tkowa promocja :\u00a0<\/span><\/em><\/strong><\/h5>\n<h4 style=\"text-align: center;\"><strong><em><span style=\"color: #003366;\"> Kup kas\u0119 fiskaln\u0105 a terminal p\u0142atniczy Paytel otrzymasz za 1z\u0142*\u00a0 \u00a0 \u00a0 \u00a0 \u00a0 \u00a0 \u00a0<\/span><\/em><\/strong><strong><em><span style=\"color: #003366;\"> przez ca\u0142y okres umowy ( o warunki zapytaj sprzedawc\u0119)<\/span><\/em><\/strong><\/h4>\n<p>&nbsp;<\/p>\n<h5 style=\"text-align: center;\"><span style=\"color: #003366;\">Specjalna oferta dla naszych Klient\u00f3w dodatkowych akcesori\u00f3w <\/span><\/h5>\n<h5 style=\"text-align: center;\"><span style=\"color: #003366;\">do kas fiskalnych .<\/span><\/h5>\n","protected":false},"excerpt":{"rendered":"<p>KUP dowoln\u0105 kas\u0119 lub drukark\u0119 fiskaln\u0105 a przeszkolimy Ci\u0119 oraz zafiskalizujemy urz\u0105dzenie GRATIS &nbsp; Wyj\u0105tkowa promocja :\u00a0 Kup kas\u0119 fiskaln\u0105 a terminal p\u0142atniczy Paytel otrzymasz za 1z\u0142*\u00a0 \u00a0 \u00a0 \u00a0 \u00a0 \u00a0 \u00a0 przez ca\u0142y okres umowy ( o warunki zapytaj sprzedawc\u0119) &nbsp; Specjalna oferta dla naszych Klient\u00f3w dodatkowych akcesori\u00f3w do kas fiskalnych .<\/p>\n","protected":false},"author":1,"featured_media":0,"parent":0,"menu_order":0,"comment_status":"closed","ping_status":"open","template":"","meta":{"footnotes":""},"class_list":["post-112","page","type-page","status-publish","hentry"],"_links":{"self":[{"href":"https:\/\/netcomp-wolbrom.pl\/index.php?rest_route=\/wp\/v2\/pages\/112","targetHints":{"allow":["GET"]}}],"collection":[{"href":"https:\/\/netcomp-wolbrom.pl\/index.php?rest_route=\/wp\/v2\/pages"}],"about":[{"href":"https:\/\/netcomp-wolbrom.pl\/index.php?rest_route=\/wp\/v2\/types\/page"}],"author":[{"embeddable":true,"href":"https:\/\/netcomp-wolbrom.pl\/index.php?rest_route=\/wp\/v2\/users\/1"}],"replies":[{"embeddable":true,"href":"https:\/\/netcomp-wolbrom.pl\/index.php?rest_route=%2Fwp%2Fv2%2Fcomments&post=112"}],"version-history":[{"count":8,"href":"https:\/\/netcomp-wolbrom.pl\/index.php?rest_route=\/wp\/v2\/pages\/112\/revisions"}],"predecessor-version":[{"id":809,"href":"https:\/\/netcomp-wolbrom.pl\/index.php?rest_route=\/wp\/v2\/pages\/112\/revisions\/809"}],"wp:attachment":[{"href":"https:\/\/netcomp-wolbrom.pl\/index.php?rest_route=%2Fwp%2Fv2%2Fmedia&parent=112"}],"curies":[{"name":"wp","href":"https:\/\/api.w.org\/{rel}","templated":true}]}}