{"id":114,"date":"2026-02-14T13:53:39","date_gmt":"2026-02-14T12:53:39","guid":{"rendered":"https:\/\/netcomp-wolbrom.pl\/?page_id=114"},"modified":"2026-04-17T12:48:00","modified_gmt":"2026-04-17T10:48:00","slug":"kontakt","status":"publish","type":"page","link":"https:\/\/netcomp-wolbrom.pl\/?page_id=114","title":{"rendered":"Kontakt"},"content":{"rendered":"<h5 style=\"text-align: center;\"><\/h5>\n<h2 style=\"text-align: center;\">Firma czynna<\/h2>\n<h2 style=\"text-align: center;\">od pn-pt\u00a0 \u00a0w godz.\u00a0 \u00a0 \u00a0<em>8<\/em>\u00a0 \u00a0&#8211;\u00a0 \u00a0<em>17\u00a0<\/em><\/h2>\n<h2 style=\"text-align: center;\"><span style=\"color: #0000ff;\">N E T \u00a0 \u00a0 C O M P<\/span><\/h2>\n<h4 style=\"text-align: center;\"><span style=\"color: #0000ff;\">Piotr Zaw\u0142ocki<\/span><\/h4>\n<h2 style=\"text-align: center;\"><span style=\"color: #0000ff;\">32-340 Wolbrom<\/span><\/h2>\n<h2 style=\"text-align: center;\"><span style=\"color: #0000ff;\">Wierzchowisko 47<\/span><\/h2>\n<h3 style=\"text-align: center;\"><span style=\"color: #333399;\">NIP 659-137-21-61\u00a0\u00a0\u00a0\u00a0\u00a0 REGON 368979987<\/span><\/h3>\n<h4>\u00a0\u00a0\u00a0\u00a0\u00a0\u00a0\u00a0\u00a0\u00a0\u00a0\u00a0\u00a0\u00a0 <span style=\"color: #cc99ff;\"><em>ING Bank \u015al\u0105ski\u00a0\u00a0 72 1050 1618 1000 0092 5018 2145<\/em><\/span><\/h4>\n<p style=\"text-align: center;\">Adres do dor\u0119cze\u0144 elektronicznych\u00a0 \u00a0 \u00a0 \u00a0<span id=\"MainContentForm_lblADE\">AE:PL-83839-98273-AUUEE-29<\/span><\/p>\n<h1 style=\"text-align: center;\"><span style=\"color: #993300;\">tel. \u00a0 504\u00a0 176\u00a0 742<\/span><\/h1>\n<p style=\"text-align: center;\"><span style=\"color: #800000;\"><strong>\n<div class=\"wpcf7 no-js\" id=\"wpcf7-f399-o1\" lang=\"pl-PL\" dir=\"ltr\" data-wpcf7-id=\"399\">\n<div class=\"screen-reader-response\"><p role=\"status\" aria-live=\"polite\" aria-atomic=\"true\"><\/p> <ul><\/ul><\/div>\n<form action=\"\/index.php?rest_route=%2Fwp%2Fv2%2Fpages%2F114#wpcf7-f399-o1\" method=\"post\" class=\"wpcf7-form init\" aria-label=\"Formularz kontaktowy\" novalidate=\"novalidate\" data-status=\"init\">\n<fieldset class=\"hidden-fields-container\"><input type=\"hidden\" name=\"_wpcf7\" value=\"399\" \/><input type=\"hidden\" name=\"_wpcf7_version\" value=\"6.1.5\" \/><input type=\"hidden\" name=\"_wpcf7_locale\" value=\"pl_PL\" \/><input type=\"hidden\" name=\"_wpcf7_unit_tag\" value=\"wpcf7-f399-o1\" \/><input type=\"hidden\" name=\"_wpcf7_container_post\" value=\"0\" \/><input type=\"hidden\" name=\"_wpcf7_posted_data_hash\" value=\"\" \/><input type=\"hidden\" name=\"_wpcf7_recaptcha_response\" value=\"\" \/>\n<\/fieldset>\n<p><label> Imi\u0119 i nazwisko<br \/>\n<span class=\"wpcf7-form-control-wrap\" data-name=\"your-name\"><input size=\"40\" maxlength=\"400\" class=\"wpcf7-form-control wpcf7-text wpcf7-validates-as-required\" aria-required=\"true\" aria-invalid=\"false\" value=\"\" type=\"text\" name=\"your-name\" \/><\/span> <\/label>\n<\/p>\n<p><label> Adres e-mail<br \/>\n<span class=\"wpcf7-form-control-wrap\" data-name=\"your-email\"><input size=\"40\" maxlength=\"400\" class=\"wpcf7-form-control wpcf7-email wpcf7-validates-as-required wpcf7-text wpcf7-validates-as-email\" aria-required=\"true\" aria-invalid=\"false\" value=\"\" type=\"email\" name=\"your-email\" \/><\/span> <\/label>\n<\/p>\n<p><label> Telefon<br \/>\n<span class=\"wpcf7-form-control-wrap\" data-name=\"tel-238\"><input size=\"40\" maxlength=\"400\" class=\"wpcf7-form-control wpcf7-tel wpcf7-validates-as-required wpcf7-text wpcf7-validates-as-tel\" aria-required=\"true\" aria-invalid=\"false\" value=\"\" type=\"tel\" name=\"tel-238\" \/><\/span> <\/label>\n<\/p>\n<p><label> Temat<br \/>\n<span class=\"wpcf7-form-control-wrap\" data-name=\"your-subject\"><input size=\"40\" maxlength=\"400\" class=\"wpcf7-form-control wpcf7-text\" aria-invalid=\"false\" value=\"\" type=\"text\" name=\"your-subject\" \/><\/span> <\/label>\n<\/p>\n<p><label> Tre\u015b\u0107 wiadomo\u015bci<br \/>\n<span class=\"wpcf7-form-control-wrap\" data-name=\"your-message\"><textarea cols=\"40\" rows=\"10\" maxlength=\"2000\" class=\"wpcf7-form-control wpcf7-textarea\" aria-invalid=\"false\" name=\"your-message\"><\/textarea><\/span> <\/label>\n<\/p>\n<p><input class=\"wpcf7-form-control wpcf7-submit has-spinner\" type=\"submit\" value=\"Wy\u015blij\" \/>\n<\/p><div class=\"wpcf7-response-output\" aria-hidden=\"true\"><\/div>\n<\/form>\n<\/div>\n<\/strong><\/span><\/p>\n<p>&nbsp;<\/p>\n<pre style=\"text-align: center;\"><span style=\"color: #ff0000;\">Z przyczyn bezpiecze\u0144stwa oraz przyczyn treningowych -\r\n<\/span><span style=\"color: #ff0000;\">rozmowy z konsultantem mog\u0105 by\u0107 nagrywane i monitorowane.<\/span><\/pre>\n<p><!-- start gg-widget-html - Copyright Xevin Consulting Limited --><br \/>\n<a style=\"background: linear-gradient(#2389c9 0%, #084972 100%); color: #fff; font-family: Arial, sans-serif; font-size: 14px; font-weight: normal; text-decoration: none; text-align: left; box-shadow: 0px 2px 8px 0px rgba(50, 50, 50, 0.6); -webkit-box-shadow: 0px 2px 8px 0px rgba(50, 50, 50, 0.6); -moz-box-shadow: 0px 2px 8px 0px rgba(50, 50, 50, 0.6); border-radius: 2px; -webkit-border-radius: 2px; display: block; padding: 2px; width: 300px;\" href=\"\/\/widget.gg.pl\/widget\/429ad559163a3d210c820de090e2c49736dea13a73c5c5274ac02df0d1501d88#uin%3D6022288%7Cmsg_online%3DWitam%2C%20w%20czym%20mog%C4%99%20pom%C3%B3c%7Cmsg_offline%3DZostaw%20wiadomo%C5%9B%C4%87%20i%20informacje%20kontaktowe%2C%20a%20odpowiemy%20na%20Twoje%20pytanie.%7Chash%3D429ad559163a3d210c820de090e2c49736dea13a73c5c5274ac02df0d1501d88\" target=\"_blank\" rel=\"nofollow noopener noreferrer\" data-gg-widget=\"snapped-bottom\"><br \/>\n<span style=\"display: block; padding: 10px 8px; line-height: 18px;\"><br \/>\n<img decoding=\"async\" style=\"float: left; padding-right: 8px;\" src=\"https:\/\/status.gadu-gadu.pl\/users\/status.asp?id=6022288&amp;styl=1&amp;source=widget\" alt=\"\" \/>Zadaj pytanie on-line<\/span><br \/>\n<span style=\"background: #ffffff none repeat scroll 0% 0%; color: #888888; display: block; line-height: 40px; padding-left: 12px; box-shadow: 0px 1px 1px 0px #bbbbbb inset;\">Napisz do nas&#8230;<br \/>\n<span style=\"background: rgba(0, 0, 0, 0) linear-gradient(#66c321 0%, #4ca70a 100%) repeat scroll 0% 0%; border-top: 1px solid #86e923; border-bottom: 1px solid #397b08; border-radius: 3px; color: #ffffff; display: block; float: right; font-size: 12px; line-height: 22px; margin: 9px; padding: 0px 10px; text-align: center;\">Wy\u015blij<\/span><br \/>\n<\/span><br \/>\n<\/a><!-- Chcesz mie\u0107 GG widget na swojej stronie? Sprawd\u017a http:\/\/www.gg.pl\/info\/komunikator-na-twoja-strone\/ --><br \/>\n<!-- end gg-widget-html --><\/p>\n<p><!-- start gg-widget-javascript - kod javascript mo\u017cesz umie\u015bci\u0107 przed ko\u0144cowym znacznikiem body - Copyright Xevin Consulting Limited --><br \/>\n<script type=\"text\/javascript\">\n(function() {\n    var s = document.createElement('script'); s.type = 'text\/javascript'; s.async = true; s.id = 'gg-widget-script';\n    s.src = '\/\/widget.gg.pl\/resources\/js\/widget.js';\n    var ss = document.getElementsByTagName('script')[0]; ss.parentNode.insertBefore(s, ss); })();\n<\/script><br \/>\n<!-- end gg-widget-javascript --><\/p>\n","protected":false},"excerpt":{"rendered":"<p>Firma czynna od pn-pt\u00a0 \u00a0w godz.\u00a0 \u00a0 \u00a08\u00a0 \u00a0&#8211;\u00a0 \u00a017\u00a0 N E T \u00a0 \u00a0 C O M P Piotr Zaw\u0142ocki 32-340 Wolbrom Wierzchowisko 47 NIP 659-137-21-61\u00a0\u00a0\u00a0\u00a0\u00a0 REGON 368979987 \u00a0\u00a0\u00a0\u00a0\u00a0\u00a0\u00a0\u00a0\u00a0\u00a0\u00a0\u00a0\u00a0 ING Bank \u015al\u0105ski\u00a0\u00a0 72 1050 1618 1000 0092 5018 2145 Adres do dor\u0119cze\u0144 elektronicznych\u00a0 \u00a0 \u00a0 \u00a0AE:PL-83839-98273-AUUEE-29 tel. \u00a0 504\u00a0 176\u00a0 742 &nbsp; Z przyczyn &hellip; <a href=\"https:\/\/netcomp-wolbrom.pl\/?page_id=114\" class=\"more-link\">Czytaj dalej <span class=\"screen-reader-text\">Kontakt<\/span> <span class=\"meta-nav\">&rarr;<\/span><\/a><\/p>\n","protected":false},"author":1,"featured_media":0,"parent":0,"menu_order":0,"comment_status":"closed","ping_status":"open","template":"","meta":{"footnotes":""},"class_list":["post-114","page","type-page","status-publish","hentry"],"_links":{"self":[{"href":"https:\/\/netcomp-wolbrom.pl\/index.php?rest_route=\/wp\/v2\/pages\/114","targetHints":{"allow":["GET"]}}],"collection":[{"href":"https:\/\/netcomp-wolbrom.pl\/index.php?rest_route=\/wp\/v2\/pages"}],"about":[{"href":"https:\/\/netcomp-wolbrom.pl\/index.php?rest_route=\/wp\/v2\/types\/page"}],"author":[{"embeddable":true,"href":"https:\/\/netcomp-wolbrom.pl\/index.php?rest_route=\/wp\/v2\/users\/1"}],"replies":[{"embeddable":true,"href":"https:\/\/netcomp-wolbrom.pl\/index.php?rest_route=%2Fwp%2Fv2%2Fcomments&post=114"}],"version-history":[{"count":40,"href":"https:\/\/netcomp-wolbrom.pl\/index.php?rest_route=\/wp\/v2\/pages\/114\/revisions"}],"predecessor-version":[{"id":823,"href":"https:\/\/netcomp-wolbrom.pl\/index.php?rest_route=\/wp\/v2\/pages\/114\/revisions\/823"}],"wp:attachment":[{"href":"https:\/\/netcomp-wolbrom.pl\/index.php?rest_route=%2Fwp%2Fv2%2Fmedia&parent=114"}],"curies":[{"name":"wp","href":"https:\/\/api.w.org\/{rel}","templated":true}]}}